{"id":89,"date":"2020-12-07T11:54:13","date_gmt":"2020-12-07T11:54:13","guid":{"rendered":"https:\/\/secyourity.se\/?page_id=89"},"modified":"2020-12-07T11:54:46","modified_gmt":"2020-12-07T11:54:46","slug":"dqchxve","status":"publish","type":"page","link":"https:\/\/secyourity.se\/?page_id=89","title":{"rendered":"Meddelande"},"content":{"rendered":"<pre>-----BEGIN PGP SIGNED MESSAGE-----\r\nHash: SHA512\r\n\r\nHej!\r\n\r\n\r\n\r\nDetta meddelande \u00e4r krypografiskt signaterat med nedanst\u00e5ende signatur. Det betyder att hashen av detta meddelande har krypterats med min (Jimmys) privata nyckel ock att du enkelt kan verifiera meddelandets \u00e4kthet genom att bes\u00f6ka https:\/\/keybase.io\/kvistofta, klistra in hela detta meddelande (inklusive signaturen nedan) och klicka p\u00e5 den lilla \"verify\"-bocken till h\u00f6ger.\r\n\r\nAnledningen till att meddelandet inte \u00e4r krypterat \u00e4r att det \u00e4r m\u00e5nga som ska kunna l\u00e4sa meddelandet. \r\n\r\nDitt uppdrag nu \u00e4r att skapa ett eget konto p\u00e5 keybase.io. F\u00f6lj instruktionerna och skapa ditt eget nyckelpar p\u00e5 siten. Detta kan vara bra till mycket. N\u00e4r du \u00e4r klar, skriv ett kort personligt meddelande till mig och anv\u00e4nd keybase.io f\u00f6r att skicka detta s\u00e4kert (krypterat och signerat) till mig. V\u00e4lj mitt namn \"Kvistofta\" som mottagare hos keybase.\r\n\r\n\r\n\r\nDet meddelande du f\u00e5r ut kommer att vara signerat med din privata nyckel, och krypterat med min publika. Det betyder att jag kan validera meddelandets signatur med din publika nyckel (som finns hos Keybase) samt dekryptera meddelandet med min privata nyckel.\r\n\r\nDu kommer d\u00e4refter att f\u00e5 ett svar fr\u00e5n mig, krypterat och signerat med hj\u00e4lp av keybase.io.\r\n\r\nMvh Jimmy\r\n-----BEGIN PGP SIGNATURE-----\r\nVersion: Keybase OpenPGP v2.1.13\r\nComment: https:\/\/keybase.io\/crypto\r\n\r\nwsFcBAABCgAGBQJfzhdXAAoJEK+JjY0bIMUnN1sQAIut89EM4Y5IoDRa9qG6\/0Ve\r\nSn0tw4jGeOX226G9T6D8M0XR39wn5YwzhlRRV8IJ+m9CnCcl19O1LjT8mV9s8i6x\r\nNbaityhpEwr27XyL2nq2XOsQ42d6sfYw4NbnVHJLrlQLekG+Kv8qcsA9fhllNt00\r\n0LBlbPQaNz+l\/8zNJjR+jGP7+HW2sq8wJ9dUixFNus8GT24\/rETxe6isaS8Xq1NH\r\ncpZTootnMLODC+IN+AySsNG+WhCoZkRnACTaCMj3ENpzAtlH9T1RWxaQakccI5SX\r\nRVkJbIyzI35n7+3O88goIIEV6nRfKNYDe3d7+dV9RYC4URIYox60vY3UbNBAwwWJ\r\nmc\/Tp8Nz6xKROiF3yd+oI85oEQX3J8kExXtSi9Zk17CTTv9fZZgiq94OmM8adjUx\r\nlJkYTm11atzdH5lb8wMPGWzMuQCXcXRsSgtGtcY2aaF6ahCJE+1zXmhQyDL2y07X\r\npy7Z4Wq\/IHUEtEftt0lJ\/zqDBxtuW17TO8yNVxFlmVLJ4iyyGetzbftjGwP4Y2nm\r\nWVpXOmSnO8YZ15h4dgeRpP0Uxf4TItarZ8scT+e8n86B8M4ZaMzsqJEPoAKq3gDD\r\nxNKudPG\/Ude\/UojMR1mgS32QIDu\/19FtwBICT+BVsKWNuYzui\/SLE3dZzCJG7\/jZ\r\nuK1EJi7gJNJQW0Apqb4e\r\n=mI7D\r\n-----END PGP SIGNATURE-----\r\n<\/pre>\n","protected":false},"excerpt":{"rendered":"<p>&#8212;&#8211;BEGIN PGP SIGNED MESSAGE&#8212;&#8211; Hash: SHA512 Hej! Detta meddelande \u00e4r krypografiskt signaterat med nedanst\u00e5ende signatur. Det betyder att hashen av detta meddelande har krypterats med min (Jimmys) privata nyckel ock att du enkelt kan verifiera meddelandets \u00e4kthet genom att bes\u00f6ka https:\/\/keybase.io\/kvistofta, klistra in hela detta meddelande (inklusive signaturen nedan) och klicka p\u00e5 den lilla &#8220;verify&#8221;-bocken<a href=\"https:\/\/secyourity.se\/?page_id=89\">[&#8230;]<\/a><\/p>\n","protected":false},"author":1,"featured_media":0,"parent":0,"menu_order":0,"comment_status":"closed","ping_status":"closed","template":"","meta":{"footnotes":""},"_links":{"self":[{"href":"https:\/\/secyourity.se\/index.php?rest_route=\/wp\/v2\/pages\/89"}],"collection":[{"href":"https:\/\/secyourity.se\/index.php?rest_route=\/wp\/v2\/pages"}],"about":[{"href":"https:\/\/secyourity.se\/index.php?rest_route=\/wp\/v2\/types\/page"}],"author":[{"embeddable":true,"href":"https:\/\/secyourity.se\/index.php?rest_route=\/wp\/v2\/users\/1"}],"replies":[{"embeddable":true,"href":"https:\/\/secyourity.se\/index.php?rest_route=%2Fwp%2Fv2%2Fcomments&post=89"}],"version-history":[{"count":2,"href":"https:\/\/secyourity.se\/index.php?rest_route=\/wp\/v2\/pages\/89\/revisions"}],"predecessor-version":[{"id":91,"href":"https:\/\/secyourity.se\/index.php?rest_route=\/wp\/v2\/pages\/89\/revisions\/91"}],"wp:attachment":[{"href":"https:\/\/secyourity.se\/index.php?rest_route=%2Fwp%2Fv2%2Fmedia&parent=89"}],"curies":[{"name":"wp","href":"https:\/\/api.w.org\/{rel}","templated":true}]}}