{"id":48,"date":"2017-11-10T12:18:01","date_gmt":"2017-11-10T12:18:01","guid":{"rendered":"https:\/\/secyourity.se\/?page_id=48"},"modified":"2018-01-31T18:43:29","modified_gmt":"2018-01-31T18:43:29","slug":"etisk-hacking-i-praktiken","status":"publish","type":"page","link":"https:\/\/secyourity.se\/?page_id=48","title":{"rendered":"Etisk hacking i praktiken"},"content":{"rendered":"<p><strong>Utbildningsform<\/strong><\/p>\n<p>Kursen sker p\u00e5 distans under 10 veckor med ett live-webinar per vecka, kv\u00e4llstid, ca 2h. Samtliga webinars spelas in och kan ses online efter\u00e5t. Instrukt\u00f6ren finns tillg\u00e4nglig f\u00f6r fr\u00e5gor och diskussioner i en f\u00f6r deltagarna gemensam webb-plattform.<\/p>\n<p>Varje vecka f\u00e5r deltagaren en praktisk uppgift att l\u00f6sa i v\u00e5rt virtuella &#8220;HackLab&#8221;. Uppgiftens resultat ska redovisas i det webb-baserade l\u00e4rsystemet och r\u00e4ttas.<\/p>\n<p>Utbildningen kommer att ha ett tydligt fokus p\u00e5 praktiska demonstrationer och f\u00f6rklaringar, och en mindre del &#8220;slides&#8221; \u00e4n vad som \u00e4r vanligt i den h\u00e4r typen av kurser.<\/p>\n<p><strong>Exempel p\u00e5 inneh\u00e5ll<\/strong><\/p>\n<ul>\n<li>Metodik f\u00f6r penetrationstester<\/li>\n<li>Scanning av n\u00e4tverk, t ex med nmap<\/li>\n<li>Man in the middle -attacker. LAN-s\u00e4kerhet.<\/li>\n<li>Grundl\u00e4ggande kryptografi. Hashing, lagring av l\u00f6senord. Attacker mot hashar.<\/li>\n<li>S\u00e5rbarhetsscanner med opensource-verktyg.<\/li>\n<li>Wifi-s\u00e4kerhet<\/li>\n<li>Webb-s\u00e4kerhet. SQLi, XSS m m, indata-validering.<\/li>\n<li>Metasploit framework. Att utnyttja s\u00e5rbarheter f\u00f6r att hacka ett system.<\/li>\n<li>Skapande av egna payloads (&#8220;malware&#8221;) f\u00f6r att infektera och kontrollera ett s\u00e5rbart system.<\/li>\n<\/ul>\n<p>Samtliga moment inkluderar praktiska \u00f6vningar d\u00e4r deltagarna i en dedikerad virtuell milj\u00f6 f\u00e5r applicera sina f\u00e4rdigheter.<\/p>\n<p>Det sista momentet i kursen \u00e4r ett praktiskt test d\u00e4r deltagaren ska hacka ett antal s\u00e5rbara datorer och dokumentera arbetet.<\/p>\n<p><strong>HackLab<\/strong><\/p>\n<p>Varje deltagare f\u00e5r tillg\u00e5ng till en egen virtuell milj\u00f6 med hacker-verktyg och s\u00e5rbara datorer d\u00e4r samtliga \u00f6vningar genomf\u00f6rs. Milj\u00f6n n\u00e5s med VPN-klient \u00e4r \u00e4r tillg\u00e4nglig 24\/7 under hela kursen.<\/p>\n<p>&nbsp;<\/p>\n<p><strong>M\u00e5lgrupp<\/strong><\/p>\n<p>Denna kurs \u00e4r f\u00f6r dig som jobbar i IT-branschen, kanske med server-administration, n\u00e4tverk eller anv\u00e4ndarsupport men som vill f\u00e5 en djupare f\u00f6rst\u00e5else i hur man b\u00f6r s\u00e4kra upp sina system och hur hackers arbetar.<\/p>\n<p>&nbsp;<\/p>\n<p><strong>Kursstart<\/strong><\/p>\n<p>TBD<\/p>\n<p>&nbsp;<\/p>\n<p><strong>Pris<\/strong><\/p>\n<p>TBD per deltagare. Faktura med 30 dagars betalning vid kursstart.<\/p>\n<p>&nbsp;<\/p>\n<p><strong>Gadget<\/strong><\/p>\n<p>I kursavgiften ing\u00e5r en valfri av nedanst\u00e5ende hacker-gadgets som skickas med posten vid kursstart.<\/p>\n<ul>\n<li>Hak5 LanTurtle<\/li>\n<li>USB keyboard logger<\/li>\n<li>Hak5 BashBunny<\/li>\n<li>&#8230;.?<\/li>\n<\/ul>\n<p><strong>Etik<\/strong><\/p>\n<p>Innan kursstart m\u00e5ste varje deltagare skriva under ett Code of Ethics d\u00e4r man intygar att endast anv\u00e4nda sina kunskaper f\u00f6r goda syften inom lagens gr\u00e4nser.<\/p>\n<p><strong>Certifiering<\/strong><\/p>\n<p>Denna kurs \u00e4r f\u00f6rberedande f\u00f6r att bli Certified Ethical Hacker. Kursen \u00e4r ett komplement till den officiella CEH-kursen fr\u00e5n EC Council med fokus p\u00e5 praktiska \u00f6vningar, demon och hands-on i kontrast till CEH-kursen som \u00e4r bra men mycket teoretisk. Innan certifiering bokas b\u00f6r man l\u00e4sa boken CEHv9.<\/p>\n","protected":false},"excerpt":{"rendered":"<p>Utbildningsform Kursen sker p\u00e5 distans under 10 veckor med ett live-webinar per vecka, kv\u00e4llstid, ca 2h. Samtliga webinars spelas in och kan ses online efter\u00e5t. Instrukt\u00f6ren finns tillg\u00e4nglig f\u00f6r fr\u00e5gor och diskussioner i en f\u00f6r deltagarna gemensam webb-plattform. Varje vecka f\u00e5r deltagaren en praktisk uppgift att l\u00f6sa i v\u00e5rt virtuella &#8220;HackLab&#8221;. Uppgiftens resultat ska redovisas<a href=\"https:\/\/secyourity.se\/?page_id=48\">[&#8230;]<\/a><\/p>\n","protected":false},"author":1,"featured_media":0,"parent":0,"menu_order":0,"comment_status":"closed","ping_status":"closed","template":"","meta":{"footnotes":""},"_links":{"self":[{"href":"https:\/\/secyourity.se\/index.php?rest_route=\/wp\/v2\/pages\/48"}],"collection":[{"href":"https:\/\/secyourity.se\/index.php?rest_route=\/wp\/v2\/pages"}],"about":[{"href":"https:\/\/secyourity.se\/index.php?rest_route=\/wp\/v2\/types\/page"}],"author":[{"embeddable":true,"href":"https:\/\/secyourity.se\/index.php?rest_route=\/wp\/v2\/users\/1"}],"replies":[{"embeddable":true,"href":"https:\/\/secyourity.se\/index.php?rest_route=%2Fwp%2Fv2%2Fcomments&post=48"}],"version-history":[{"count":10,"href":"https:\/\/secyourity.se\/index.php?rest_route=\/wp\/v2\/pages\/48\/revisions"}],"predecessor-version":[{"id":72,"href":"https:\/\/secyourity.se\/index.php?rest_route=\/wp\/v2\/pages\/48\/revisions\/72"}],"wp:attachment":[{"href":"https:\/\/secyourity.se\/index.php?rest_route=%2Fwp%2Fv2%2Fmedia&parent=48"}],"curies":[{"name":"wp","href":"https:\/\/api.w.org\/{rel}","templated":true}]}}